{"id":755,"date":"2023-03-06T15:53:35","date_gmt":"2023-03-06T21:53:35","guid":{"rendered":"https:\/\/newdesign4.vazy.mx\/?page_id=755"},"modified":"2023-04-26T11:27:01","modified_gmt":"2023-04-26T16:27:01","slug":"politicas-de-servicio","status":"publish","type":"page","link":"https:\/\/newdesign4.vazy.mx\/en\/politicas-de-servicio\/","title":{"rendered":"Pol\u00edticas de Servicio"},"content":{"rendered":"<div data-elementor-type=\"wp-page\" data-elementor-id=\"755\" class=\"elementor elementor-755\" data-elementor-post-type=\"page\">\n\t\t\t\t\t\t<section class=\"elementor-section elementor-top-section elementor-element elementor-element-2bdd1b5 elementor-section-boxed elementor-section-height-default elementor-section-height-default\" data-id=\"2bdd1b5\" data-element_type=\"section\" data-settings=\"{&quot;jet_parallax_layout_list&quot;:[],&quot;background_background&quot;:&quot;classic&quot;}\">\n\t\t\t\t\t\t<div class=\"elementor-container elementor-column-gap-default\">\n\t\t\t\t\t<div class=\"elementor-column elementor-col-100 elementor-top-column elementor-element elementor-element-d2d00d7\" data-id=\"d2d00d7\" data-element_type=\"column\">\n\t\t\t<div class=\"elementor-widget-wrap elementor-element-populated\">\n\t\t\t\t\t\t<div class=\"elementor-element elementor-element-a453e73 elementor-widget elementor-widget-heading\" data-id=\"a453e73\" data-element_type=\"widget\" data-widget_type=\"heading.default\">\n\t\t\t\t<div class=\"elementor-widget-container\">\n\t\t\t<style>\/*! elementor - v3.21.0 - 15-04-2024 *\/\n.elementor-heading-title{padding:0;margin:0;line-height:1}.elementor-widget-heading .elementor-heading-title[class*=elementor-size-]>a{color:inherit;font-size:inherit;line-height:inherit}.elementor-widget-heading .elementor-heading-title.elementor-size-small{font-size:15px}.elementor-widget-heading .elementor-heading-title.elementor-size-medium{font-size:19px}.elementor-widget-heading .elementor-heading-title.elementor-size-large{font-size:29px}.elementor-widget-heading .elementor-heading-title.elementor-size-xl{font-size:39px}.elementor-widget-heading .elementor-heading-title.elementor-size-xxl{font-size:59px}<\/style><h1 class=\"elementor-heading-title elementor-size-default\">Pol\u00edticas de Servicio<\/h1>\t\t<\/div>\n\t\t\t\t<\/div>\n\t\t\t\t<div class=\"elementor-element elementor-element-eb48ac9 elementor-widget elementor-widget-text-editor\" data-id=\"eb48ac9\" data-element_type=\"widget\" data-widget_type=\"text-editor.default\">\n\t\t\t\t<div class=\"elementor-widget-container\">\n\t\t\t<style>\/*! elementor - v3.21.0 - 15-04-2024 *\/\n.elementor-widget-text-editor.elementor-drop-cap-view-stacked .elementor-drop-cap{background-color:#69727d;color:#fff}.elementor-widget-text-editor.elementor-drop-cap-view-framed .elementor-drop-cap{color:#69727d;border:3px solid;background-color:transparent}.elementor-widget-text-editor:not(.elementor-drop-cap-view-default) .elementor-drop-cap{margin-top:8px}.elementor-widget-text-editor:not(.elementor-drop-cap-view-default) .elementor-drop-cap-letter{width:1em;height:1em}.elementor-widget-text-editor .elementor-drop-cap{float:left;text-align:center;line-height:1;font-size:50px}.elementor-widget-text-editor .elementor-drop-cap-letter{display:inline-block}<\/style>\t\t\t\t<ul><li>Las propuestas econ\u00f3micas tienen validez de 30 d\u00edas h\u00e1biles.<\/li><li>Se requiere pago inicial para la activaci\u00f3n del proyecto.<\/li><li>Se considera d\u00eda 1, la fecha de recepci\u00f3n en su totalidad del material de trabajo y pago inicial por parte del cliente.<\/li><li>El tiempo de entrega est\u00e1 sujeto a la recepci\u00f3n de material y coordinaci\u00f3n de ambas partes.<\/li><li>Una vez comenzado el proyecto, no hay devoluci\u00f3n del dinero.<\/li><li>Si el cliente cambia el brief o informaci\u00f3n del proyecto una vez en proceso, se liquidar\u00e1 la parte ya trabajada del proyecto y se iniciar\u00e1 un nuevo proceso.<\/li><li>La Agencia realizar\u00e1 los videos y\/o fotograf\u00edas dentro del \u00e1rea metropolitana (Monterrey N.L.), en caso de requerir alguna locaci\u00f3n fuera de estos se aplicar\u00e1 un cargo adicional de vi\u00e1ticos y\/o transportaci\u00f3n.<\/li><li>El servicio de video y fotograf\u00eda no incluye contrataci\u00f3n de modelos, art\u00edculos para mejorar los escenarios, locaciones con costo, maquillaje y vestuario.<\/li><li>En caso de que el cliente requiera un servicio adicional, la agencia podr\u00e1 ofrecerlo con cargo extra.<\/li><li>Se efect\u00faa s\u00f3lo una propuesta en cada uno de nuestros servicios, a excepci\u00f3n de Branding el cual incluye 3 propuestas.<\/li><li>Se incluyen m\u00e1ximo 5 cambios finales en cada uno de los servicios, al requerir mayor n\u00famero de cambios se cotizan aparte.<\/li><li>Los entregables como las migraciones de sitios se proporcionan una vez liquidado el proyecto.<\/li><li>Las carpetas de Google Drive creadas por Vazy Marketing son parte del plan de trabajo y propiedad de la agencia.<\/li><li>La agencia brinda acceso a carpetas de Google Drive durante la relaci\u00f3n comercial.<\/li><li>El dise\u00f1o de aplicaciones como folleter\u00eda no incluyen el material impreso.<\/li><li>Precios sujetos a cambios, sin previo aviso.<\/li><li>La Agencia queda a disposici\u00f3n de firmar un contrato de confidencialidad y\/o no competencia en caso de requerirse.<\/li><li>La Agencia se compromete a cumplir con su est\u00e1ndar de calidad y satisfacci\u00f3n al cliente.<\/li><li>Los servicios de Marketing Digital mensuales no son acumulables y comprende de 4 semanas<br \/>Pol\u00edticas de Contenido y anuncios:<\/li><li>Durante la primera semana se realiza investigaci\u00f3n, planteamiento de estrategia y propuesta creativa.<\/li><li>El contenido digital requiere aprobaci\u00f3n anticipada por parte del cliente.<\/li><li>No se permiten cambios sobre anuncios ya activos.<\/li><li>El consumo de presupuesto depende de competencia y demanda en cada industria.<\/li><li>Los indicadores del reporte de resultados mensual son los m\u00e1s recomendables para analizar el rendimiento de la marca.<\/li><li>Una vez proporcionado el pago inicial la agencia podr\u00e1 correr una simulaci\u00f3n de alcances de acuerdo a presupuesto y objetivos del cliente.<\/li><li>Los resultados de campa\u00f1as est\u00e1n relacionados con el presupuesto y objetivo destinado a las plataformas digitales.<\/li><li>La cuenta publicitaria generada por el dominio Vazy Marketing es parte del plan de trabajo y propiedad de la agencia.<\/li><li>Ning\u00fan servicio o producto es acumulable.<\/li><\/ul>\t\t\t\t\t\t<\/div>\n\t\t\t\t<\/div>\n\t\t\t\t<div class=\"elementor-element elementor-element-b060925 elementor-widget-divider--view-line elementor-widget elementor-widget-divider\" data-id=\"b060925\" data-element_type=\"widget\" data-widget_type=\"divider.default\">\n\t\t\t\t<div class=\"elementor-widget-container\">\n\t\t\t<style>\/*! elementor - v3.21.0 - 15-04-2024 *\/\n.elementor-widget-divider{--divider-border-style:none;--divider-border-width:1px;--divider-color:#0c0d0e;--divider-icon-size:20px;--divider-element-spacing:10px;--divider-pattern-height:24px;--divider-pattern-size:20px;--divider-pattern-url:none;--divider-pattern-repeat:repeat-x}.elementor-widget-divider .elementor-divider{display:flex}.elementor-widget-divider .elementor-divider__text{font-size:15px;line-height:1;max-width:95%}.elementor-widget-divider .elementor-divider__element{margin:0 var(--divider-element-spacing);flex-shrink:0}.elementor-widget-divider .elementor-icon{font-size:var(--divider-icon-size)}.elementor-widget-divider .elementor-divider-separator{display:flex;margin:0;direction:ltr}.elementor-widget-divider--view-line_icon .elementor-divider-separator,.elementor-widget-divider--view-line_text .elementor-divider-separator{align-items:center}.elementor-widget-divider--view-line_icon .elementor-divider-separator:after,.elementor-widget-divider--view-line_icon .elementor-divider-separator:before,.elementor-widget-divider--view-line_text .elementor-divider-separator:after,.elementor-widget-divider--view-line_text .elementor-divider-separator:before{display:block;content:\"\";border-block-end:0;flex-grow:1;border-block-start:var(--divider-border-width) var(--divider-border-style) var(--divider-color)}.elementor-widget-divider--element-align-left .elementor-divider .elementor-divider-separator>.elementor-divider__svg:first-of-type{flex-grow:0;flex-shrink:100}.elementor-widget-divider--element-align-left .elementor-divider-separator:before{content:none}.elementor-widget-divider--element-align-left .elementor-divider__element{margin-left:0}.elementor-widget-divider--element-align-right .elementor-divider .elementor-divider-separator>.elementor-divider__svg:last-of-type{flex-grow:0;flex-shrink:100}.elementor-widget-divider--element-align-right .elementor-divider-separator:after{content:none}.elementor-widget-divider--element-align-right .elementor-divider__element{margin-right:0}.elementor-widget-divider--element-align-start .elementor-divider .elementor-divider-separator>.elementor-divider__svg:first-of-type{flex-grow:0;flex-shrink:100}.elementor-widget-divider--element-align-start .elementor-divider-separator:before{content:none}.elementor-widget-divider--element-align-start .elementor-divider__element{margin-inline-start:0}.elementor-widget-divider--element-align-end .elementor-divider .elementor-divider-separator>.elementor-divider__svg:last-of-type{flex-grow:0;flex-shrink:100}.elementor-widget-divider--element-align-end .elementor-divider-separator:after{content:none}.elementor-widget-divider--element-align-end .elementor-divider__element{margin-inline-end:0}.elementor-widget-divider:not(.elementor-widget-divider--view-line_text):not(.elementor-widget-divider--view-line_icon) .elementor-divider-separator{border-block-start:var(--divider-border-width) var(--divider-border-style) var(--divider-color)}.elementor-widget-divider--separator-type-pattern{--divider-border-style:none}.elementor-widget-divider--separator-type-pattern.elementor-widget-divider--view-line .elementor-divider-separator,.elementor-widget-divider--separator-type-pattern:not(.elementor-widget-divider--view-line) .elementor-divider-separator:after,.elementor-widget-divider--separator-type-pattern:not(.elementor-widget-divider--view-line) .elementor-divider-separator:before,.elementor-widget-divider--separator-type-pattern:not([class*=elementor-widget-divider--view]) .elementor-divider-separator{width:100%;min-height:var(--divider-pattern-height);-webkit-mask-size:var(--divider-pattern-size) 100%;mask-size:var(--divider-pattern-size) 100%;-webkit-mask-repeat:var(--divider-pattern-repeat);mask-repeat:var(--divider-pattern-repeat);background-color:var(--divider-color);-webkit-mask-image:var(--divider-pattern-url);mask-image:var(--divider-pattern-url)}.elementor-widget-divider--no-spacing{--divider-pattern-size:auto}.elementor-widget-divider--bg-round{--divider-pattern-repeat:round}.rtl .elementor-widget-divider .elementor-divider__text{direction:rtl}.e-con-inner>.elementor-widget-divider,.e-con>.elementor-widget-divider{width:var(--container-widget-width,100%);--flex-grow:var(--container-widget-flex-grow)}<\/style>\t\t<div class=\"elementor-divider\">\n\t\t\t<span class=\"elementor-divider-separator\">\n\t\t\t\t\t\t<\/span>\n\t\t<\/div>\n\t\t\t\t<\/div>\n\t\t\t\t<\/div>\n\t\t\t\t\t<\/div>\n\t\t<\/div>\n\t\t\t\t\t<\/div>\n\t\t<\/section>\n\t\t\t\t<\/div>","protected":false},"excerpt":{"rendered":"<p>Las propuestas econ\u00f3micas tienen validez de 30 d\u00edas h\u00e1biles. Se requiere pago inicial para la activaci\u00f3n del proyecto. Se considera d\u00eda 1, la fecha de recepci\u00f3n en su totalidad del material de trabajo y pago inicial por parte del cliente. El tiempo de entrega est\u00e1 sujeto a la recepci\u00f3n de material y coordinaci\u00f3n de ambas [&hellip;]<\/p>","protected":false},"author":1,"featured_media":0,"parent":0,"menu_order":9,"comment_status":"closed","ping_status":"closed","template":"elementor_header_footer","meta":{"_joinchat":[],"footnotes":""},"yoast_head":"<!-- This site is optimized with the Yoast SEO plugin v22.5 - https:\/\/yoast.com\/wordpress\/plugins\/seo\/ -->\n<title>Pol\u00edticas de Servicio - Vazy Marketing Digital<\/title>\n<meta name=\"description\" content=\"Aqu\u00ed ver\u00e1s las pol\u00edticas de nuestro servicio, en donde ver\u00e1s las cl\u00e1usulas sujetas a la prestaci\u00f3n y cumplimiento del mismo.\" \/>\n<meta name=\"robots\" content=\"index, follow, max-snippet:-1, max-image-preview:large, max-video-preview:-1\" \/>\n<link rel=\"canonical\" href=\"https:\/\/newdesign4.vazy.mx\/en\/politicas-de-servicio\/\" \/>\n<meta property=\"og:locale\" content=\"en_US\" \/>\n<meta property=\"og:type\" content=\"article\" \/>\n<meta property=\"og:title\" content=\"Pol\u00edticas de Servicio - Vazy Marketing Digital\" \/>\n<meta property=\"og:description\" content=\"Aqu\u00ed ver\u00e1s las pol\u00edticas de nuestro servicio, en donde ver\u00e1s las cl\u00e1usulas sujetas a la prestaci\u00f3n y cumplimiento del mismo.\" \/>\n<meta property=\"og:url\" content=\"https:\/\/newdesign4.vazy.mx\/en\/politicas-de-servicio\/\" \/>\n<meta property=\"og:site_name\" content=\"Vazy Marketing Digital\" \/>\n<meta property=\"article:publisher\" content=\"https:\/\/www.facebook.com\/VAZY-107509248681970\" \/>\n<meta property=\"article:modified_time\" content=\"2023-04-26T16:27:01+00:00\" \/>\n<meta property=\"og:image\" content=\"https:\/\/newdesign4.vazy.mx\/wp-content\/uploads\/2023\/03\/Vazy-Marketing-e1678204604106.jpeg\" \/>\n\t<meta property=\"og:image:width\" content=\"520\" \/>\n\t<meta property=\"og:image:height\" content=\"520\" \/>\n\t<meta property=\"og:image:type\" content=\"image\/jpeg\" \/>\n<meta name=\"twitter:card\" content=\"summary_large_image\" \/>\n<meta name=\"twitter:label1\" content=\"Est. reading time\" \/>\n\t<meta name=\"twitter:data1\" content=\"3 minutes\" \/>\n<script type=\"application\/ld+json\" class=\"yoast-schema-graph\">{\"@context\":\"https:\/\/schema.org\",\"@graph\":[{\"@type\":\"WebPage\",\"@id\":\"https:\/\/newdesign4.vazy.mx\/politicas-de-servicio\/\",\"url\":\"https:\/\/newdesign4.vazy.mx\/politicas-de-servicio\/\",\"name\":\"Pol\u00edticas de Servicio - Vazy Marketing Digital\",\"isPartOf\":{\"@id\":\"https:\/\/newdesign4.vazy.mx\/#website\"},\"datePublished\":\"2023-03-06T21:53:35+00:00\",\"dateModified\":\"2023-04-26T16:27:01+00:00\",\"description\":\"Aqu\u00ed ver\u00e1s las pol\u00edticas de nuestro servicio, en donde ver\u00e1s las cl\u00e1usulas sujetas a la prestaci\u00f3n y cumplimiento del mismo.\",\"breadcrumb\":{\"@id\":\"https:\/\/newdesign4.vazy.mx\/politicas-de-servicio\/#breadcrumb\"},\"inLanguage\":\"en-US\",\"potentialAction\":[{\"@type\":\"ReadAction\",\"target\":[\"https:\/\/newdesign4.vazy.mx\/politicas-de-servicio\/\"]}]},{\"@type\":\"BreadcrumbList\",\"@id\":\"https:\/\/newdesign4.vazy.mx\/politicas-de-servicio\/#breadcrumb\",\"itemListElement\":[{\"@type\":\"ListItem\",\"position\":1,\"name\":\"Home\",\"item\":\"https:\/\/newdesign4.vazy.mx\/\"},{\"@type\":\"ListItem\",\"position\":2,\"name\":\"Pol\u00edticas de Servicio\"}]},{\"@type\":\"WebSite\",\"@id\":\"https:\/\/newdesign4.vazy.mx\/#website\",\"url\":\"https:\/\/newdesign4.vazy.mx\/\",\"name\":\"Vazy Marketing Digital\",\"description\":\"Agencia de Marketing Digital\",\"publisher\":{\"@id\":\"https:\/\/newdesign4.vazy.mx\/#organization\"},\"alternateName\":\"Vazy Marketing Digital\",\"potentialAction\":[{\"@type\":\"SearchAction\",\"target\":{\"@type\":\"EntryPoint\",\"urlTemplate\":\"https:\/\/newdesign4.vazy.mx\/?s={search_term_string}\"},\"query-input\":\"required name=search_term_string\"}],\"inLanguage\":\"en-US\"},{\"@type\":\"Organization\",\"@id\":\"https:\/\/newdesign4.vazy.mx\/#organization\",\"name\":\"Vazy Marketing Digital\",\"alternateName\":\"Vazy Marketing Digital\",\"url\":\"https:\/\/newdesign4.vazy.mx\/\",\"logo\":{\"@type\":\"ImageObject\",\"inLanguage\":\"en-US\",\"@id\":\"https:\/\/newdesign4.vazy.mx\/#\/schema\/logo\/image\/\",\"url\":\"https:\/\/newdesign4.vazy.mx\/wp-content\/uploads\/2023\/03\/Vazy-Marketing-e1678204604106.jpeg\",\"contentUrl\":\"https:\/\/newdesign4.vazy.mx\/wp-content\/uploads\/2023\/03\/Vazy-Marketing-e1678204604106.jpeg\",\"width\":520,\"height\":520,\"caption\":\"Vazy Marketing Digital\"},\"image\":{\"@id\":\"https:\/\/newdesign4.vazy.mx\/#\/schema\/logo\/image\/\"},\"sameAs\":[\"https:\/\/www.facebook.com\/VAZY-107509248681970\",\"https:\/\/www.instagram.com\/vazy.marketing\/\",\"https:\/\/www.tiktok.com\/@vazymkt\"]}]}<\/script>\n<!-- \/ Yoast SEO plugin. -->","yoast_head_json":{"title":"Pol\u00edticas de Servicio - Vazy Marketing Digital","description":"Aqu\u00ed ver\u00e1s las pol\u00edticas de nuestro servicio, en donde ver\u00e1s las cl\u00e1usulas sujetas a la prestaci\u00f3n y cumplimiento del mismo.","robots":{"index":"index","follow":"follow","max-snippet":"max-snippet:-1","max-image-preview":"max-image-preview:large","max-video-preview":"max-video-preview:-1"},"canonical":"https:\/\/newdesign4.vazy.mx\/en\/politicas-de-servicio\/","og_locale":"en_US","og_type":"article","og_title":"Pol\u00edticas de Servicio - Vazy Marketing Digital","og_description":"Aqu\u00ed ver\u00e1s las pol\u00edticas de nuestro servicio, en donde ver\u00e1s las cl\u00e1usulas sujetas a la prestaci\u00f3n y cumplimiento del mismo.","og_url":"https:\/\/newdesign4.vazy.mx\/en\/politicas-de-servicio\/","og_site_name":"Vazy Marketing Digital","article_publisher":"https:\/\/www.facebook.com\/VAZY-107509248681970","article_modified_time":"2023-04-26T16:27:01+00:00","og_image":[{"width":520,"height":520,"url":"https:\/\/newdesign4.vazy.mx\/wp-content\/uploads\/2023\/03\/Vazy-Marketing-e1678204604106.jpeg","type":"image\/jpeg"}],"twitter_card":"summary_large_image","twitter_misc":{"Est. reading time":"3 minutes"},"schema":{"@context":"https:\/\/schema.org","@graph":[{"@type":"WebPage","@id":"https:\/\/newdesign4.vazy.mx\/politicas-de-servicio\/","url":"https:\/\/newdesign4.vazy.mx\/politicas-de-servicio\/","name":"Pol\u00edticas de Servicio - Vazy Marketing Digital","isPartOf":{"@id":"https:\/\/newdesign4.vazy.mx\/#website"},"datePublished":"2023-03-06T21:53:35+00:00","dateModified":"2023-04-26T16:27:01+00:00","description":"Aqu\u00ed ver\u00e1s las pol\u00edticas de nuestro servicio, en donde ver\u00e1s las cl\u00e1usulas sujetas a la prestaci\u00f3n y cumplimiento del mismo.","breadcrumb":{"@id":"https:\/\/newdesign4.vazy.mx\/politicas-de-servicio\/#breadcrumb"},"inLanguage":"en-US","potentialAction":[{"@type":"ReadAction","target":["https:\/\/newdesign4.vazy.mx\/politicas-de-servicio\/"]}]},{"@type":"BreadcrumbList","@id":"https:\/\/newdesign4.vazy.mx\/politicas-de-servicio\/#breadcrumb","itemListElement":[{"@type":"ListItem","position":1,"name":"Home","item":"https:\/\/newdesign4.vazy.mx\/"},{"@type":"ListItem","position":2,"name":"Pol\u00edticas de Servicio"}]},{"@type":"WebSite","@id":"https:\/\/newdesign4.vazy.mx\/#website","url":"https:\/\/newdesign4.vazy.mx\/","name":"Vazy Marketing Digital","description":"Agencia de Marketing Digital","publisher":{"@id":"https:\/\/newdesign4.vazy.mx\/#organization"},"alternateName":"Vazy Marketing Digital","potentialAction":[{"@type":"SearchAction","target":{"@type":"EntryPoint","urlTemplate":"https:\/\/newdesign4.vazy.mx\/?s={search_term_string}"},"query-input":"required name=search_term_string"}],"inLanguage":"en-US"},{"@type":"Organization","@id":"https:\/\/newdesign4.vazy.mx\/#organization","name":"Vazy Marketing Digital","alternateName":"Vazy Marketing Digital","url":"https:\/\/newdesign4.vazy.mx\/","logo":{"@type":"ImageObject","inLanguage":"en-US","@id":"https:\/\/newdesign4.vazy.mx\/#\/schema\/logo\/image\/","url":"https:\/\/newdesign4.vazy.mx\/wp-content\/uploads\/2023\/03\/Vazy-Marketing-e1678204604106.jpeg","contentUrl":"https:\/\/newdesign4.vazy.mx\/wp-content\/uploads\/2023\/03\/Vazy-Marketing-e1678204604106.jpeg","width":520,"height":520,"caption":"Vazy Marketing Digital"},"image":{"@id":"https:\/\/newdesign4.vazy.mx\/#\/schema\/logo\/image\/"},"sameAs":["https:\/\/www.facebook.com\/VAZY-107509248681970","https:\/\/www.instagram.com\/vazy.marketing\/","https:\/\/www.tiktok.com\/@vazymkt"]}]}},"_links":{"self":[{"href":"https:\/\/newdesign4.vazy.mx\/en\/wp-json\/wp\/v2\/pages\/755"}],"collection":[{"href":"https:\/\/newdesign4.vazy.mx\/en\/wp-json\/wp\/v2\/pages"}],"about":[{"href":"https:\/\/newdesign4.vazy.mx\/en\/wp-json\/wp\/v2\/types\/page"}],"author":[{"embeddable":true,"href":"https:\/\/newdesign4.vazy.mx\/en\/wp-json\/wp\/v2\/users\/1"}],"replies":[{"embeddable":true,"href":"https:\/\/newdesign4.vazy.mx\/en\/wp-json\/wp\/v2\/comments?post=755"}],"version-history":[{"count":0,"href":"https:\/\/newdesign4.vazy.mx\/en\/wp-json\/wp\/v2\/pages\/755\/revisions"}],"wp:attachment":[{"href":"https:\/\/newdesign4.vazy.mx\/en\/wp-json\/wp\/v2\/media?parent=755"}],"curies":[{"name":"wp","href":"https:\/\/api.w.org\/{rel}","templated":true}]}}