{"id":750,"date":"2023-03-06T15:51:16","date_gmt":"2023-03-06T21:51:16","guid":{"rendered":"https:\/\/newdesign4.vazy.mx\/?page_id=750"},"modified":"2023-04-26T11:35:24","modified_gmt":"2023-04-26T16:35:24","slug":"politicas-de-privacidad","status":"publish","type":"page","link":"https:\/\/newdesign4.vazy.mx\/en\/politicas-de-privacidad\/","title":{"rendered":"Privacy Policy"},"content":{"rendered":"<div data-elementor-type=\"wp-page\" data-elementor-id=\"750\" class=\"elementor elementor-750\" data-elementor-post-type=\"page\">\n\t\t\t\t\t\t<section class=\"elementor-section elementor-top-section elementor-element elementor-element-b34aa88 elementor-section-boxed elementor-section-height-default elementor-section-height-default\" data-id=\"b34aa88\" data-element_type=\"section\" data-settings=\"{&quot;jet_parallax_layout_list&quot;:[],&quot;background_background&quot;:&quot;classic&quot;}\">\n\t\t\t\t\t\t<div class=\"elementor-container elementor-column-gap-default\">\n\t\t\t\t\t<div class=\"elementor-column elementor-col-100 elementor-top-column elementor-element elementor-element-69e43fe\" data-id=\"69e43fe\" data-element_type=\"column\">\n\t\t\t<div class=\"elementor-widget-wrap elementor-element-populated\">\n\t\t\t\t\t\t<div class=\"elementor-element elementor-element-e947efc elementor-widget elementor-widget-heading\" data-id=\"e947efc\" data-element_type=\"widget\" data-widget_type=\"heading.default\">\n\t\t\t\t<div class=\"elementor-widget-container\">\n\t\t\t<style>\/*! elementor - v3.21.0 - 15-04-2024 *\/\n.elementor-heading-title{padding:0;margin:0;line-height:1}.elementor-widget-heading .elementor-heading-title[class*=elementor-size-]>a{color:inherit;font-size:inherit;line-height:inherit}.elementor-widget-heading .elementor-heading-title.elementor-size-small{font-size:15px}.elementor-widget-heading .elementor-heading-title.elementor-size-medium{font-size:19px}.elementor-widget-heading .elementor-heading-title.elementor-size-large{font-size:29px}.elementor-widget-heading .elementor-heading-title.elementor-size-xl{font-size:39px}.elementor-widget-heading .elementor-heading-title.elementor-size-xxl{font-size:59px}<\/style><h1 class=\"elementor-heading-title elementor-size-default\">Privacy Policy<\/h1>\t\t<\/div>\n\t\t\t\t<\/div>\n\t\t\t\t<div class=\"elementor-element elementor-element-60c2efe elementor-widget elementor-widget-text-editor\" data-id=\"60c2efe\" data-element_type=\"widget\" data-widget_type=\"text-editor.default\">\n\t\t\t\t<div class=\"elementor-widget-container\">\n\t\t\t<style>\/*! elementor - v3.21.0 - 15-04-2024 *\/\n.elementor-widget-text-editor.elementor-drop-cap-view-stacked .elementor-drop-cap{background-color:#69727d;color:#fff}.elementor-widget-text-editor.elementor-drop-cap-view-framed .elementor-drop-cap{color:#69727d;border:3px solid;background-color:transparent}.elementor-widget-text-editor:not(.elementor-drop-cap-view-default) .elementor-drop-cap{margin-top:8px}.elementor-widget-text-editor:not(.elementor-drop-cap-view-default) .elementor-drop-cap-letter{width:1em;height:1em}.elementor-widget-text-editor .elementor-drop-cap{float:left;text-align:center;line-height:1;font-size:50px}.elementor-widget-text-editor .elementor-drop-cap-letter{display:inline-block}<\/style>\t\t\t\t<p>En cumplimiento a lo dispuesto por la Ley Federal de Protecci\u00f3n de Datos Personales en Posesi\u00f3n de los Particulares (en adelante la \u201cLey\u201d) hacemos de su conocimiento el presente Aviso de Privacidad de RAZON SOCIAL (VAZY), con domicilio CALLE Y NUMERO, C.P. CODIGO POSTAL, en MUNICIPIO, ESTADO Y PAIS.<\/p><ol><li><strong>Datos Personales recabados y datos sensibles.<\/strong><\/li><\/ol><p>Como parte de nuestro registro de clientes, proveedores y\/o usuarios, podr\u00e1 ser recabada y tratada cierta informaci\u00f3n susceptible de identificaci\u00f3n personal sobre usted. Entre dicha informaci\u00f3n se podr\u00e1 incluir de forma no exhaustiva la siguiente:<\/p><p><strong>1) Datos de identificaci\u00f3n:<\/strong>\u00a0nombre completo, estado civil, firma, firma electr\u00f3nica, RFC, CURP, lugar y fecha de nacimiento, edad, nombres de familiares, dependientes y beneficiarios.<\/p><p><strong>2) Datos de Contacto:<\/strong>\u00a0Domicilio, tel\u00e9fono particular, celular y\/o de trabajo, as\u00ed como cuentas de correo electr\u00f3nico.<\/p><p><strong>3) Datos profesionales:<\/strong>\u00a0ocupaci\u00f3n, puesto, \u00e1rea o departamento, domicilio, tel\u00e9fono y correo de trabajo, actividades extracurriculares, referencias laborales, referencias personales, historial acad\u00e9mico, historial de desempe\u00f1o en la compa\u00f1\u00eda, entre otros.<\/p><p><strong>4) Datos patrimoniales:<\/strong>\u00a0bienes muebles e inmuebles, historial crediticio, ingresos y egresos, cuentas bancarias, servicios contratados, referencias personales, entre otros.<\/p><p>Asimismo le informamos que para cumplir con las finalidades de la relaci\u00f3n en este aviso, podr\u00e1n ser recabados y tratados datos personales sensibles, como aquellos que pueden revelar aspectos como origen racial o \u00e9tnico, estado de salud presente y futuro, informaci\u00f3n gen\u00e9tica, creencias religiosas, filos\u00f3ficas y morales, afiliaci\u00f3n sindical, opiniones pol\u00edticas o preferencia sexual.<\/p><p>Nos comprometemos a que los mismos ser\u00e1n tratados bajo estrictas medidas de seguridad, siempre garantizando su confidencialidad.<\/p><p>Para las finalidades se\u00f1aladas en el presente aviso, podemos recabar sus datos personales de distintas formas: cuando usted nos los proporciona directamente; cuando visita nuestros sitios de Internet o utiliza nuestros servicios en l\u00ednea, y cuando obtenemos informaci\u00f3n a trav\u00e9s de otras fuentes que est\u00e1n permitidas por la Ley.<\/p><ol start=\"2\"><li><strong>Finalidad del Tratamiento de Datos.<\/strong><\/li><\/ol><p>Sus datos personales podr\u00e1n ser utilizados para las siguientes finalidades primarias relacionadas con nuestra relaci\u00f3n comercial:<\/p><ul><li>Comercializar los productos y servicios ofrecidos por VAZY.<\/li><li>Tramitaci\u00f3n y administraci\u00f3n de devoluciones, facturaci\u00f3n, hist\u00f3rico de compras del cliente, programas de lealtad y descuentos, notificaciones de promociones, preventas, acceso a portal de socios.<\/li><li>Monitorear cualquier llamada telef\u00f3nica realizada con usted.<\/li><li>Actualizar los registros y programas de sistemas de VAZY.<\/li><li>Utilizarlos en los casos de fusi\u00f3n, escisi\u00f3n o adquisiciones VAZY.<\/li><li>Dar cumplimiento a los requerimientos hechos por las autoridades, cuando sea necesario para salvaguardar el inter\u00e9s p\u00fablico, la procuraci\u00f3n o administraci\u00f3n de justicia.<\/li><li>En su caso la elaboraci\u00f3n y celebraci\u00f3n de contratos de compraventa, consignaci\u00f3n, distribuci\u00f3n, suministro o servicio,\u00a0 entre otros,\u00a0 seg\u00fan sea el caso de lo que requiera el cliente.\u00a0<\/li><li>El cumplimiento de obligaciones que deriven de la relaci\u00f3n jur\u00eddica que se establezca con el cliente.<\/li><li>Proveer los servicios y productos requeridos por el cliente de forma oportuna y correcta.<\/li><li>Hacer consultas, investigaciones y revisiones en relaci\u00f3n a sus quejas o reclamaciones.<\/li><li>Contactarlo para cualquier tema relacionado a los servicios o al presente aviso de privacidad.<\/li><li>Investigaci\u00f3n de mercado y an\u00e1lisis estad\u00edsticos.<\/li><li>Envi\u00f3 de comunicaciones comerciales y\/o boletines informativos perfiladas por parte de VAZY sobre sus productos y\/o servicios mediante carta, tel\u00e9fono, correo electr\u00f3nico, servicio de mensajes cortos(SMS por sus siglas en ingl\u00e9s Short Message Service), servicio de mensajer\u00eda multimedia (MMS por sus siglas en ingl\u00e9s Multimedia Messaging Service), o por otros medios de comunicaci\u00f3n electr\u00f3nica equivalentes.<\/li><\/ul><p>Si usted no desea que VAZY trate su informaci\u00f3n para fines publicitarios, promocionales y de investigaciones de mercado podr\u00e1 revocar su consentimiento comunic\u00e1ndose con nosotros al correo electr\u00f3nico:\u00a0<a href=\"mailto:contacto@vazy.com\" target=\"_blank\" rel=\"noopener\">contacto@vazy.com<\/a><\/p><p>\u00a0<\/p><ol start=\"3\"><li><strong>Transferencia y transmisi\u00f3n de datos.<\/strong><\/li><\/ol><p>Su informaci\u00f3n personal no ser\u00e1 transferida sin su previo consentimiento.<\/p><p>Los datos personales recabados por cualquier medio electr\u00f3nico o impreso para efectos de sus procesos de producci\u00f3n, comercializaci\u00f3n, investigaci\u00f3n de mercados y\/o de promoci\u00f3n de sus productos, as\u00ed como los derivados de relaciones contractuales, se tratar\u00e1n en los t\u00e9rminos de la Ley, para su almacenamiento, identificaci\u00f3n, administraci\u00f3n, an\u00e1lisis, operaci\u00f3n y\/o divulgaci\u00f3n. Dichos datos pueden ser transmitidos a empresas subsidiarias y terceros con relaciones contractuales con la compa\u00f1\u00eda. Para ello, en el contrato VAZY incluir\u00e1 una cl\u00e1usula mencionando que dichas empresas subsidiarias y terceros otorgan el nivel de protecci\u00f3n de datos personales requerido por la Ley.<\/p><p>Asimismo, para cumplir la(s) finalidad(es) anteriormente descrita(s) u otras exigidas legalmente o por las autoridades competentes, VAZY podr\u00e1 transferir a las autoridades competentes informaci\u00f3n recopilada de usted.<\/p><p>En todo momento, VAZY\u00a0 salvaguardar\u00e1 la confidencialidad de los datos y el procesamiento de estos de tal manera que su privacidad est\u00e9 protegida en t\u00e9rminos de la Ley, garantizando el cumplimiento del presente aviso por VAZY y por aquellos terceros con quienes mantenga una relaci\u00f3n jur\u00eddica para la adecuada prestaci\u00f3n de sus servicios.<\/p><ol start=\"4\"><li><strong>Ejercicio de derechos ARCO.<\/strong><\/li><\/ol><p>Con apego a lo estipulado por la Ley, usted, o su representante legal en su caso, podr\u00e1 ejercer los derechos de acceso, rectificaci\u00f3n, cancelaci\u00f3n y oposici\u00f3n (en lo sucesivo Derechos Arco) a trav\u00e9s de la solicitud correspondiente, a la direcci\u00f3n de correo electr\u00f3nica\u00a0<a href=\"mailto:contacto@vazy.com\" target=\"_blank\" rel=\"noopener\">contacto@vazy.com<\/a>\u00a0donde personal especializado atender\u00e1 en tiempo y forma su solicitud.<\/p><p>\u00a0<\/p><ol start=\"5\"><li><strong>Revocaci\u00f3n del Consentimiento y limitaci\u00f3n de uso o divulgaci\u00f3n.<\/strong><\/li><\/ol><p>En todo momento, usted podr\u00e1 revocar el consentimiento que nos ha otorgado para el tratamiento de sus datos personales, a fin de que dejemos de hacer uso o divulgaci\u00f3n de los mismos. Igualmente usted podr\u00e1 limitar el uso o divulgaci\u00f3n de sus datos personales. Para ello, es necesario que presente su petici\u00f3n en la siguiente direcci\u00f3n electr\u00f3nica:\u00a0<a href=\"mailto:contacto@vazy.com\" target=\"_blank\" rel=\"noopener\">contacto@vazy.com<\/a>.<\/p><p>\u00a0<\/p><ol start=\"6\"><li><strong>Cambios a la Pol\u00edtica de Privacidad.<\/strong><\/li><\/ol><p>Cualquier cambio o modificaci\u00f3n al presente aviso podr\u00e1 efectuarse por esta empresa en cualquier momento y se dar\u00e1 a conocer a trav\u00e9s de su portal\u00a0<a href=\"https:\/\/newdesign4.vazy.mx\/en\/\">www.vazy.mx<\/a><\/p>\t\t\t\t\t\t<\/div>\n\t\t\t\t<\/div>\n\t\t\t\t<div class=\"elementor-element elementor-element-1ca973b elementor-widget-divider--view-line elementor-widget elementor-widget-divider\" data-id=\"1ca973b\" data-element_type=\"widget\" data-widget_type=\"divider.default\">\n\t\t\t\t<div class=\"elementor-widget-container\">\n\t\t\t<style>\/*! elementor - v3.21.0 - 15-04-2024 *\/\n.elementor-widget-divider{--divider-border-style:none;--divider-border-width:1px;--divider-color:#0c0d0e;--divider-icon-size:20px;--divider-element-spacing:10px;--divider-pattern-height:24px;--divider-pattern-size:20px;--divider-pattern-url:none;--divider-pattern-repeat:repeat-x}.elementor-widget-divider .elementor-divider{display:flex}.elementor-widget-divider .elementor-divider__text{font-size:15px;line-height:1;max-width:95%}.elementor-widget-divider .elementor-divider__element{margin:0 var(--divider-element-spacing);flex-shrink:0}.elementor-widget-divider .elementor-icon{font-size:var(--divider-icon-size)}.elementor-widget-divider .elementor-divider-separator{display:flex;margin:0;direction:ltr}.elementor-widget-divider--view-line_icon .elementor-divider-separator,.elementor-widget-divider--view-line_text .elementor-divider-separator{align-items:center}.elementor-widget-divider--view-line_icon .elementor-divider-separator:after,.elementor-widget-divider--view-line_icon .elementor-divider-separator:before,.elementor-widget-divider--view-line_text .elementor-divider-separator:after,.elementor-widget-divider--view-line_text .elementor-divider-separator:before{display:block;content:\"\";border-block-end:0;flex-grow:1;border-block-start:var(--divider-border-width) var(--divider-border-style) var(--divider-color)}.elementor-widget-divider--element-align-left .elementor-divider .elementor-divider-separator>.elementor-divider__svg:first-of-type{flex-grow:0;flex-shrink:100}.elementor-widget-divider--element-align-left .elementor-divider-separator:before{content:none}.elementor-widget-divider--element-align-left .elementor-divider__element{margin-left:0}.elementor-widget-divider--element-align-right .elementor-divider .elementor-divider-separator>.elementor-divider__svg:last-of-type{flex-grow:0;flex-shrink:100}.elementor-widget-divider--element-align-right .elementor-divider-separator:after{content:none}.elementor-widget-divider--element-align-right .elementor-divider__element{margin-right:0}.elementor-widget-divider--element-align-start .elementor-divider .elementor-divider-separator>.elementor-divider__svg:first-of-type{flex-grow:0;flex-shrink:100}.elementor-widget-divider--element-align-start .elementor-divider-separator:before{content:none}.elementor-widget-divider--element-align-start .elementor-divider__element{margin-inline-start:0}.elementor-widget-divider--element-align-end .elementor-divider .elementor-divider-separator>.elementor-divider__svg:last-of-type{flex-grow:0;flex-shrink:100}.elementor-widget-divider--element-align-end .elementor-divider-separator:after{content:none}.elementor-widget-divider--element-align-end .elementor-divider__element{margin-inline-end:0}.elementor-widget-divider:not(.elementor-widget-divider--view-line_text):not(.elementor-widget-divider--view-line_icon) .elementor-divider-separator{border-block-start:var(--divider-border-width) var(--divider-border-style) var(--divider-color)}.elementor-widget-divider--separator-type-pattern{--divider-border-style:none}.elementor-widget-divider--separator-type-pattern.elementor-widget-divider--view-line .elementor-divider-separator,.elementor-widget-divider--separator-type-pattern:not(.elementor-widget-divider--view-line) .elementor-divider-separator:after,.elementor-widget-divider--separator-type-pattern:not(.elementor-widget-divider--view-line) .elementor-divider-separator:before,.elementor-widget-divider--separator-type-pattern:not([class*=elementor-widget-divider--view]) .elementor-divider-separator{width:100%;min-height:var(--divider-pattern-height);-webkit-mask-size:var(--divider-pattern-size) 100%;mask-size:var(--divider-pattern-size) 100%;-webkit-mask-repeat:var(--divider-pattern-repeat);mask-repeat:var(--divider-pattern-repeat);background-color:var(--divider-color);-webkit-mask-image:var(--divider-pattern-url);mask-image:var(--divider-pattern-url)}.elementor-widget-divider--no-spacing{--divider-pattern-size:auto}.elementor-widget-divider--bg-round{--divider-pattern-repeat:round}.rtl .elementor-widget-divider .elementor-divider__text{direction:rtl}.e-con-inner>.elementor-widget-divider,.e-con>.elementor-widget-divider{width:var(--container-widget-width,100%);--flex-grow:var(--container-widget-flex-grow)}<\/style>\t\t<div class=\"elementor-divider\">\n\t\t\t<span class=\"elementor-divider-separator\">\n\t\t\t\t\t\t<\/span>\n\t\t<\/div>\n\t\t\t\t<\/div>\n\t\t\t\t<\/div>\n\t\t\t\t\t<\/div>\n\t\t<\/div>\n\t\t\t\t\t<\/div>\n\t\t<\/section>\n\t\t\t\t<\/div>","protected":false},"excerpt":{"rendered":"<p>En cumplimiento a lo dispuesto por la Ley Federal de Protecci\u00f3n de Datos Personales en Posesi\u00f3n de los Particulares (en adelante la \u201cLey\u201d) hacemos de su conocimiento el presente Aviso de Privacidad de RAZON SOCIAL (VAZY), con domicilio CALLE Y NUMERO, C.P. CODIGO POSTAL, en MUNICIPIO, ESTADO Y PAIS. Datos Personales recabados y datos sensibles. [&hellip;]<\/p>","protected":false},"author":1,"featured_media":0,"parent":0,"menu_order":8,"comment_status":"closed","ping_status":"closed","template":"elementor_header_footer","meta":{"_joinchat":[],"footnotes":""},"yoast_head":"<!-- This site is optimized with the Yoast SEO plugin v22.5 - https:\/\/yoast.com\/wordpress\/plugins\/seo\/ -->\n<title>Pol\u00edticas de Privacidad - Vazy Marketing Digital<\/title>\n<meta name=\"description\" content=\"Aqu\u00ed ver\u00e1s las pol\u00edticas de privacidad bajo las cuales nos regimos para el manejo de los datos en nuestro sitio.\" \/>\n<meta name=\"robots\" content=\"index, follow, max-snippet:-1, max-image-preview:large, max-video-preview:-1\" \/>\n<link rel=\"canonical\" href=\"https:\/\/newdesign4.vazy.mx\/en\/politicas-de-privacidad\/\" \/>\n<meta property=\"og:locale\" content=\"en_US\" \/>\n<meta property=\"og:type\" content=\"article\" \/>\n<meta property=\"og:title\" content=\"Pol\u00edticas de Privacidad - Vazy Marketing Digital\" \/>\n<meta property=\"og:description\" content=\"Aqu\u00ed ver\u00e1s las pol\u00edticas de privacidad bajo las cuales nos regimos para el manejo de los datos en nuestro sitio.\" \/>\n<meta property=\"og:url\" content=\"https:\/\/newdesign4.vazy.mx\/en\/politicas-de-privacidad\/\" \/>\n<meta property=\"og:site_name\" content=\"Vazy Marketing Digital\" \/>\n<meta property=\"article:publisher\" content=\"https:\/\/www.facebook.com\/VAZY-107509248681970\" \/>\n<meta property=\"article:modified_time\" content=\"2023-04-26T16:35:24+00:00\" \/>\n<meta property=\"og:image\" content=\"https:\/\/newdesign4.vazy.mx\/wp-content\/uploads\/2023\/03\/Vazy-Marketing-e1678204604106.jpeg\" \/>\n\t<meta property=\"og:image:width\" content=\"520\" \/>\n\t<meta property=\"og:image:height\" content=\"520\" \/>\n\t<meta property=\"og:image:type\" content=\"image\/jpeg\" \/>\n<meta name=\"twitter:card\" content=\"summary_large_image\" \/>\n<meta name=\"twitter:label1\" content=\"Est. reading time\" \/>\n\t<meta name=\"twitter:data1\" content=\"5 minutes\" \/>\n<script type=\"application\/ld+json\" class=\"yoast-schema-graph\">{\"@context\":\"https:\/\/schema.org\",\"@graph\":[{\"@type\":\"WebPage\",\"@id\":\"https:\/\/newdesign4.vazy.mx\/politicas-de-privacidad\/\",\"url\":\"https:\/\/newdesign4.vazy.mx\/politicas-de-privacidad\/\",\"name\":\"Pol\u00edticas de Privacidad - Vazy Marketing Digital\",\"isPartOf\":{\"@id\":\"https:\/\/newdesign4.vazy.mx\/#website\"},\"datePublished\":\"2023-03-06T21:51:16+00:00\",\"dateModified\":\"2023-04-26T16:35:24+00:00\",\"description\":\"Aqu\u00ed ver\u00e1s las pol\u00edticas de privacidad bajo las cuales nos regimos para el manejo de los datos en nuestro sitio.\",\"breadcrumb\":{\"@id\":\"https:\/\/newdesign4.vazy.mx\/politicas-de-privacidad\/#breadcrumb\"},\"inLanguage\":\"en-US\",\"potentialAction\":[{\"@type\":\"ReadAction\",\"target\":[\"https:\/\/newdesign4.vazy.mx\/politicas-de-privacidad\/\"]}]},{\"@type\":\"BreadcrumbList\",\"@id\":\"https:\/\/newdesign4.vazy.mx\/politicas-de-privacidad\/#breadcrumb\",\"itemListElement\":[{\"@type\":\"ListItem\",\"position\":1,\"name\":\"Home\",\"item\":\"https:\/\/newdesign4.vazy.mx\/\"},{\"@type\":\"ListItem\",\"position\":2,\"name\":\"Pol\u00edticas de Privacidad\"}]},{\"@type\":\"WebSite\",\"@id\":\"https:\/\/newdesign4.vazy.mx\/#website\",\"url\":\"https:\/\/newdesign4.vazy.mx\/\",\"name\":\"Vazy Marketing Digital\",\"description\":\"Agencia de Marketing Digital\",\"publisher\":{\"@id\":\"https:\/\/newdesign4.vazy.mx\/#organization\"},\"alternateName\":\"Vazy Marketing Digital\",\"potentialAction\":[{\"@type\":\"SearchAction\",\"target\":{\"@type\":\"EntryPoint\",\"urlTemplate\":\"https:\/\/newdesign4.vazy.mx\/?s={search_term_string}\"},\"query-input\":\"required name=search_term_string\"}],\"inLanguage\":\"en-US\"},{\"@type\":\"Organization\",\"@id\":\"https:\/\/newdesign4.vazy.mx\/#organization\",\"name\":\"Vazy Marketing Digital\",\"alternateName\":\"Vazy Marketing Digital\",\"url\":\"https:\/\/newdesign4.vazy.mx\/\",\"logo\":{\"@type\":\"ImageObject\",\"inLanguage\":\"en-US\",\"@id\":\"https:\/\/newdesign4.vazy.mx\/#\/schema\/logo\/image\/\",\"url\":\"https:\/\/newdesign4.vazy.mx\/wp-content\/uploads\/2023\/03\/Vazy-Marketing-e1678204604106.jpeg\",\"contentUrl\":\"https:\/\/newdesign4.vazy.mx\/wp-content\/uploads\/2023\/03\/Vazy-Marketing-e1678204604106.jpeg\",\"width\":520,\"height\":520,\"caption\":\"Vazy Marketing Digital\"},\"image\":{\"@id\":\"https:\/\/newdesign4.vazy.mx\/#\/schema\/logo\/image\/\"},\"sameAs\":[\"https:\/\/www.facebook.com\/VAZY-107509248681970\",\"https:\/\/www.instagram.com\/vazy.marketing\/\",\"https:\/\/www.tiktok.com\/@vazymkt\"]}]}<\/script>\n<!-- \/ Yoast SEO plugin. -->","yoast_head_json":{"title":"Pol\u00edticas de Privacidad - Vazy Marketing Digital","description":"Aqu\u00ed ver\u00e1s las pol\u00edticas de privacidad bajo las cuales nos regimos para el manejo de los datos en nuestro sitio.","robots":{"index":"index","follow":"follow","max-snippet":"max-snippet:-1","max-image-preview":"max-image-preview:large","max-video-preview":"max-video-preview:-1"},"canonical":"https:\/\/newdesign4.vazy.mx\/en\/politicas-de-privacidad\/","og_locale":"en_US","og_type":"article","og_title":"Pol\u00edticas de Privacidad - Vazy Marketing Digital","og_description":"Aqu\u00ed ver\u00e1s las pol\u00edticas de privacidad bajo las cuales nos regimos para el manejo de los datos en nuestro sitio.","og_url":"https:\/\/newdesign4.vazy.mx\/en\/politicas-de-privacidad\/","og_site_name":"Vazy Marketing Digital","article_publisher":"https:\/\/www.facebook.com\/VAZY-107509248681970","article_modified_time":"2023-04-26T16:35:24+00:00","og_image":[{"width":520,"height":520,"url":"https:\/\/newdesign4.vazy.mx\/wp-content\/uploads\/2023\/03\/Vazy-Marketing-e1678204604106.jpeg","type":"image\/jpeg"}],"twitter_card":"summary_large_image","twitter_misc":{"Est. reading time":"5 minutes"},"schema":{"@context":"https:\/\/schema.org","@graph":[{"@type":"WebPage","@id":"https:\/\/newdesign4.vazy.mx\/politicas-de-privacidad\/","url":"https:\/\/newdesign4.vazy.mx\/politicas-de-privacidad\/","name":"Pol\u00edticas de Privacidad - Vazy Marketing Digital","isPartOf":{"@id":"https:\/\/newdesign4.vazy.mx\/#website"},"datePublished":"2023-03-06T21:51:16+00:00","dateModified":"2023-04-26T16:35:24+00:00","description":"Aqu\u00ed ver\u00e1s las pol\u00edticas de privacidad bajo las cuales nos regimos para el manejo de los datos en nuestro sitio.","breadcrumb":{"@id":"https:\/\/newdesign4.vazy.mx\/politicas-de-privacidad\/#breadcrumb"},"inLanguage":"en-US","potentialAction":[{"@type":"ReadAction","target":["https:\/\/newdesign4.vazy.mx\/politicas-de-privacidad\/"]}]},{"@type":"BreadcrumbList","@id":"https:\/\/newdesign4.vazy.mx\/politicas-de-privacidad\/#breadcrumb","itemListElement":[{"@type":"ListItem","position":1,"name":"Home","item":"https:\/\/newdesign4.vazy.mx\/"},{"@type":"ListItem","position":2,"name":"Pol\u00edticas de Privacidad"}]},{"@type":"WebSite","@id":"https:\/\/newdesign4.vazy.mx\/#website","url":"https:\/\/newdesign4.vazy.mx\/","name":"Vazy Marketing Digital","description":"Agencia de Marketing Digital","publisher":{"@id":"https:\/\/newdesign4.vazy.mx\/#organization"},"alternateName":"Vazy Marketing Digital","potentialAction":[{"@type":"SearchAction","target":{"@type":"EntryPoint","urlTemplate":"https:\/\/newdesign4.vazy.mx\/?s={search_term_string}"},"query-input":"required name=search_term_string"}],"inLanguage":"en-US"},{"@type":"Organization","@id":"https:\/\/newdesign4.vazy.mx\/#organization","name":"Vazy Marketing Digital","alternateName":"Vazy Marketing Digital","url":"https:\/\/newdesign4.vazy.mx\/","logo":{"@type":"ImageObject","inLanguage":"en-US","@id":"https:\/\/newdesign4.vazy.mx\/#\/schema\/logo\/image\/","url":"https:\/\/newdesign4.vazy.mx\/wp-content\/uploads\/2023\/03\/Vazy-Marketing-e1678204604106.jpeg","contentUrl":"https:\/\/newdesign4.vazy.mx\/wp-content\/uploads\/2023\/03\/Vazy-Marketing-e1678204604106.jpeg","width":520,"height":520,"caption":"Vazy Marketing Digital"},"image":{"@id":"https:\/\/newdesign4.vazy.mx\/#\/schema\/logo\/image\/"},"sameAs":["https:\/\/www.facebook.com\/VAZY-107509248681970","https:\/\/www.instagram.com\/vazy.marketing\/","https:\/\/www.tiktok.com\/@vazymkt"]}]}},"_links":{"self":[{"href":"https:\/\/newdesign4.vazy.mx\/en\/wp-json\/wp\/v2\/pages\/750"}],"collection":[{"href":"https:\/\/newdesign4.vazy.mx\/en\/wp-json\/wp\/v2\/pages"}],"about":[{"href":"https:\/\/newdesign4.vazy.mx\/en\/wp-json\/wp\/v2\/types\/page"}],"author":[{"embeddable":true,"href":"https:\/\/newdesign4.vazy.mx\/en\/wp-json\/wp\/v2\/users\/1"}],"replies":[{"embeddable":true,"href":"https:\/\/newdesign4.vazy.mx\/en\/wp-json\/wp\/v2\/comments?post=750"}],"version-history":[{"count":0,"href":"https:\/\/newdesign4.vazy.mx\/en\/wp-json\/wp\/v2\/pages\/750\/revisions"}],"wp:attachment":[{"href":"https:\/\/newdesign4.vazy.mx\/en\/wp-json\/wp\/v2\/media?parent=750"}],"curies":[{"name":"wp","href":"https:\/\/api.w.org\/{rel}","templated":true}]}}